{"id":13,"date":"2024-03-18T17:29:47","date_gmt":"2024-03-18T16:29:47","guid":{"rendered":"https:\/\/triodement.no\/?page_id=13"},"modified":"2025-06-20T14:24:36","modified_gmt":"2025-06-20T13:24:36","slug":"om-oss","status":"publish","type":"page","link":"https:\/\/triodement.no\/?page_id=13","title":{"rendered":"Om oss"},"content":{"rendered":"\n<div class=\"wp-block-group alignfull has-accent-background-color has-background has-global-padding is-layout-constrained wp-container-core-group-is-layout-669513ed wp-block-group-is-layout-constrained\" style=\"margin-top:0;margin-bottom:0;padding-top:var(--wp--preset--spacing--50);padding-right:var(--wp--preset--spacing--50);padding-bottom:var(--wp--preset--spacing--50);padding-left:var(--wp--preset--spacing--50)\"><\/div>\n\n\n\n\n\n<h1 class=\"wp-block-heading\">Trio deMent<\/h1>\n\n\n\n<blockquote class=\"wp-block-quote is-layout-flow wp-block-quote-is-layout-flow\">\n<p class=\"has-text-align-center\">de\u00b7\u200bment\u00a0d\u0259\u0307\u02c8ment, d\u0113\u02c8- <em>Late Latin\u00a0dementare,<\/em> <em>from Latin\u00a0dement-, demens\u00a0out of one&#8217;s mind, mad,<\/em><\/p>\n\n\n\n<p class=\"has-text-align-center\"><em>from&nbsp;de- + ment-, <strong>mens&nbsp;mind<\/strong><\/em><\/p>\n<\/blockquote>\n\n\n\n<div class=\"wp-block-cover wp-duotone-000-ffffff-1\"><img loading=\"lazy\" decoding=\"async\" width=\"1279\" height=\"850\" class=\"wp-block-cover__image-background wp-image-119\" alt=\"\" src=\"https:\/\/triodement.no\/wp-content\/uploads\/2024\/03\/DSC_6891_2.jpg\" data-object-fit=\"cover\" srcset=\"https:\/\/triodement.no\/wp-content\/uploads\/2024\/03\/DSC_6891_2.jpg 1279w, https:\/\/triodement.no\/wp-content\/uploads\/2024\/03\/DSC_6891_2-300x199.jpg 300w, https:\/\/triodement.no\/wp-content\/uploads\/2024\/03\/DSC_6891_2-1024x681.jpg 1024w\" sizes=\"auto, (max-width: 1279px) 100vw, 1279px\" \/><span aria-hidden=\"true\" class=\"wp-block-cover__background has-background-dim\"><\/span><div class=\"wp-block-cover__inner-container is-layout-flow wp-block-cover-is-layout-flow\">\n<p class=\"has-text-align-center has-large-font-size\"><\/p>\n<\/div><\/div>\n\n\n\n<p><\/p>\n\n\n\n<p>Trio deMent ble etablert i 1994 som et prosjektband. Utgangspunktet var et litt annerledes viseprosjekt. Det skulle v\u00e6re morsomt og gjennomkomponert. Innspillingen ble gjort i eget studio i l\u00f8pet av vinteren 1994-95. Resultatet er vi ganske stolte av, selv om platekontraktene og storsalget uteble. For de spesielt interesserte finnes l\u00e5tene <a href=\"https:\/\/triodement.no\/?page_id=171\" data-type=\"link\" data-id=\"https:\/\/triodement.no\/?page_id=171\">her<\/a>.<\/p>\n\n\n\n<p>Gjennom \u00e5rene har vi utviklet oss til \u00e5 bli et allsidig band, som for det meste spiller p\u00e5 ulike events i regi av bedrifter, men vi tar ogs\u00e5 gjerne oppdrag p\u00e5 jubileer, visekvelder og annet!<\/p>\n\n\n\n<p>V\u00e5r st\u00f8rste styrke er at vi er allsidige og fleksible, og dermed kan tilpasse oss de fleste situasjoner. Of<\/p>\n\n\n\n<h1 class=\"wp-block-heading\">Trio deMent er 30 \u00e5r i \u00e5r!<\/h1>\n\n\n\n<p>by <a href=\"https:\/\/triodement.no\/?author=1\">espenh<\/a>on Posted on <a href=\"https:\/\/triodement.no\/?p=1\"><time datetime=\"2024-03-18T15:38:37+01:00\">18\/03\/2024<\/time><\/a><\/p>\n\n\n\n<p><a href=\"https:\/\/marcato.no:4380\/wordpress\/?p=1\"><time datetime=\"2024-03-17T14:58:00+01:00\"><\/time><\/a><\/p>\n\n\n\n<figure class=\"wp-block-image size-full is-resized\"><img loading=\"lazy\" decoding=\"async\" width=\"1024\" height=\"768\" src=\"https:\/\/triodement.no\/wp-content\/uploads\/2024\/03\/65319376_1347852452032976_6089724852145487872_n-1024x768-1.jpg\" alt=\"\" class=\"wp-image-51\" style=\"width:1138px;height:auto\" srcset=\"https:\/\/triodement.no\/wp-content\/uploads\/2024\/03\/65319376_1347852452032976_6089724852145487872_n-1024x768-1.jpg 1024w, https:\/\/triodement.no\/wp-content\/uploads\/2024\/03\/65319376_1347852452032976_6089724852145487872_n-1024x768-1-300x225.jpg 300w\" sizes=\"auto, (max-width: 1024px) 100vw, 1024px\" \/><\/figure>\n\n\n\n<p>Trio deMent har gleden av \u00e5 invitere deg med p\u00e5 feiringen av v\u00e5rt 30-\u00e5rs-jubileum! Vi er stolte av \u00e5 presentere et repertoar som spenner over de fleste tidsepoker og sjangere, og som garantert vil underholde, enten du liker \u00e5 danse eller bare sitte og h\u00f8re p\u00e5.<\/p>\n\n\n\n<p>Med en besetning best\u00e5ende av bass, to gitarer og tre stemmer, skaper vi et unikt og variert sound som vi vet vil appellere til folk i de fleste aldere. V\u00e5r egenartede spillestil s\u00f8rger for at det virkelig svinger selv uten trommer og perkusjon.<\/p>\n\n\n\n<p>Musikken er hovedsakelig hentet fra popens og rockens gullalder, ispedd innslag av viser og latino og alt som m\u00e5tte befinne seg i mellom. Vi er sikre p\u00e5 at repertoaret vil fremkalle b\u00e5de gjenkjennende nikk og till\u00f8p til spontan allsang. Vi pr\u00f8ver alltid \u00e5 skape en minneverdig opplevelse for alle som h\u00f8rer p\u00e5.<\/p>\n\n\n\n<p>Med over to tusen opptredener bak oss, har vi en solid erfaring i \u00e5 skape akkurat den stemningen som passer situasjonen.<\/p>\n\n\n\n<figure class=\"wp-block-image size-full is-resized\"><img loading=\"lazy\" decoding=\"async\" width=\"1024\" height=\"683\" src=\"https:\/\/triodement.no\/wp-content\/uploads\/2024\/03\/242285521_4497225723633971_5856748619294937637_n-1024x683-1.jpg\" alt=\"\" class=\"wp-image-50\" style=\"width:1141px;height:auto\" srcset=\"https:\/\/triodement.no\/wp-content\/uploads\/2024\/03\/242285521_4497225723633971_5856748619294937637_n-1024x683-1.jpg 1024w, https:\/\/triodement.no\/wp-content\/uploads\/2024\/03\/242285521_4497225723633971_5856748619294937637_n-1024x683-1-300x200.jpg 300w\" sizes=\"auto, (max-width: 1024px) 100vw, 1024px\" \/><\/figure>\n\n\n\n<p>Vi er klare for \u00e5 fortsette \u00e5 underholde publikum med v\u00e5rt unike sound og profesjonelle tiln\u00e6rming til musikken.<\/p>\n\n\n\n<p>Ta kontakt med oss for \u00e5 diskutere mulighetene for \u00e5 samarbeide om arrangementet ditt, enten det er en fest, festival eller konsert. Vi gleder oss til \u00e5 bidra til en vellykket begivenhet og feire v\u00e5rt 30-\u00e5rs-jubileum sammen med deg.<\/p>\n\n\n\n<p>Tor, Terje og Espen<\/p>\n\n\n\n<figure class=\"wp-block-image size-full is-resized\"><img loading=\"lazy\" decoding=\"async\" width=\"1024\" height=\"683\" src=\"https:\/\/triodement.no\/wp-content\/uploads\/2024\/03\/242300847_4497225650300645_1521935181661704902_n-1024x683-1.jpg\" alt=\"\" class=\"wp-image-49\" style=\"width:1140px;height:auto\" srcset=\"https:\/\/triodement.no\/wp-content\/uploads\/2024\/03\/242300847_4497225650300645_1521935181661704902_n-1024x683-1.jpg 1024w, https:\/\/triodement.no\/wp-content\/uploads\/2024\/03\/242300847_4497225650300645_1521935181661704902_n-1024x683-1-300x200.jpg 300w\" sizes=\"auto, (max-width: 1024px) 100vw, 1024px\" \/><\/figure>\n\n\n\n<h4 class=\"wp-block-heading\"><\/h4>\n","protected":false},"excerpt":{"rendered":"<p>Trio deMent de\u00b7\u200bment\u00a0d\u0259\u0307\u02c8ment, d\u0113\u02c8- Late Latin\u00a0dementare, from Latin\u00a0dement-, demens\u00a0out of one&#8217;s mind, mad, from&nbsp;de- + ment-, mens&nbsp;mind Trio deMent ble etablert i 1994 som et prosjektband. Utgangspunktet var et litt &hellip; <\/p>\n<p class=\"link-more\"><a href=\"https:\/\/triodement.no\/?page_id=13\" class=\"more-link\">Read more<span class=\"screen-reader-text\"> &laquo;Om oss&raquo;<\/span><\/a><\/p>\n","protected":false},"author":1,"featured_media":0,"parent":0,"menu_order":0,"comment_status":"closed","ping_status":"closed","template":"","meta":{"inspiro_hide_title":false,"footnotes":""},"class_list":["post-13","page","type-page","status-publish","hentry"],"jetpack_sharing_enabled":true,"_links":{"self":[{"href":"https:\/\/triodement.no\/index.php?rest_route=\/wp\/v2\/pages\/13","targetHints":{"allow":["GET"]}}],"collection":[{"href":"https:\/\/triodement.no\/index.php?rest_route=\/wp\/v2\/pages"}],"about":[{"href":"https:\/\/triodement.no\/index.php?rest_route=\/wp\/v2\/types\/page"}],"author":[{"embeddable":true,"href":"https:\/\/triodement.no\/index.php?rest_route=\/wp\/v2\/users\/1"}],"replies":[{"embeddable":true,"href":"https:\/\/triodement.no\/index.php?rest_route=%2Fwp%2Fv2%2Fcomments&post=13"}],"version-history":[{"count":21,"href":"https:\/\/triodement.no\/index.php?rest_route=\/wp\/v2\/pages\/13\/revisions"}],"predecessor-version":[{"id":285,"href":"https:\/\/triodement.no\/index.php?rest_route=\/wp\/v2\/pages\/13\/revisions\/285"}],"wp:attachment":[{"href":"https:\/\/triodement.no\/index.php?rest_route=%2Fwp%2Fv2%2Fmedia&parent=13"}],"curies":[{"name":"wp","href":"https:\/\/api.w.org\/{rel}","templated":true}]}}