{"id":171,"date":"2024-03-19T12:02:48","date_gmt":"2024-03-19T11:02:48","guid":{"rendered":"https:\/\/triodement.no\/?page_id=171"},"modified":"2024-03-19T20:29:13","modified_gmt":"2024-03-19T19:29:13","slug":"cd-prosjekt","status":"publish","type":"page","link":"https:\/\/triodement.no\/?page_id=171","title":{"rendered":"CD-prosjektet 1994\/95"},"content":{"rendered":"\n<p>Utgangspunktet for trioen var en ide om et litt annerledes viseprosjekt. Det skulle v\u00e6re morsomt, gjennomkomponert og uten trummer.<br>Tor og Espen hadde v\u00e5ren 1994 bygd et eget lydstydio med det som den gangen var det nyeste innen studioteknologi, og innspillingen ble gjort der i l\u00f8pet av vinteren 1994-95.<\/p>\n\n\n\n<p>Dette var helt i starten av den digitale revolusjonen vi n\u00e5 tar for gitt, og vi kan jo, som en kuriositet for de som har innsikt i &laquo;bits and bytes&raquo;, nevne at utstyret besto av en PC med Windows 3.1, 25Mhz prosessor,  32 Mb systemdisk og en &laquo;gigantisk&raquo; lagringsdisk p\u00e5 hele 1,3 Gb (<em>Ingen trodde p\u00e5 oss da vi fortalte om denne utrolig kraftige maskinen:-)<\/em> Programvaren het Session 8 og Cubase. Session 8 kom for \u00f8vrig med en av de f\u00f8rste digitale, flerspors lydkortene som ble produsert <em>(<a href=\"https:\/\/www.muzines.co.uk\/articles\/digidesign-session-8\/7647\" data-type=\"link\" data-id=\"https:\/\/www.muzines.co.uk\/articles\/digidesign-session-8\/7647\" target=\"_blank\" rel=\"noreferrer noopener\">Music Technology i 1993<\/a>)<\/em>. Sett i retrospektiv er det ganske utrolig at det lot seg gj\u00f8re \u00e5 f\u00e5 til slike opptak med dette utstyret.<\/p>\n\n\n\n<p>Resultatet er vi uansett ganske stolte av, selv om platekontraktene og storsalget uteble. <\/p>\n\n\n<div class=\"wp-playlist wp-audio-playlist wp-playlist-light\">\n\t\t\t<div class=\"wp-playlist-current-item\"><\/div>\n\t\t<audio controls=\"controls\" preload=\"none\" width=\"928\"\n\t\t\t><\/audio>\n\t<div class=\"wp-playlist-next\"><\/div>\n\t<div class=\"wp-playlist-prev\"><\/div>\n\t<noscript>\n\t<ol>\n\t\t<li><a href='https:\/\/triodement.no\/wp-content\/uploads\/2024\/03\/01-Til-Seters.m4a'>Til Seters<\/a><\/li><li><a href='https:\/\/triodement.no\/wp-content\/uploads\/2024\/03\/02-Mitt-hjem-det-er-mitt-slott.m4a'>Mitt hjem det er mitt slott<\/a><\/li><li><a href='https:\/\/triodement.no\/wp-content\/uploads\/2024\/03\/03-Cecilia-deMentz.m4a'>Cecilia deMentz<\/a><\/li><li><a href='https:\/\/triodement.no\/wp-content\/uploads\/2024\/03\/04-Oles-Hemmelighet.m4a'>Oles Hemmelighet<\/a><\/li><li><a href='https:\/\/triodement.no\/wp-content\/uploads\/2024\/03\/05-Rodhette-Danser.m4a'>R\u00f8dhette Danser<\/a><\/li><li><a href='https:\/\/triodement.no\/wp-content\/uploads\/2024\/03\/06-Samba-Salisyl.m4a'>Samba Salisyl<\/a><\/li><li><a href='https:\/\/triodement.no\/wp-content\/uploads\/2024\/03\/07-Sommerkveldsvise.m4a'>Sommerkveldsvise<\/a><\/li><li><a href='https:\/\/triodement.no\/wp-content\/uploads\/2024\/03\/08-Sov-du-lille.m4a'>Sov du lille..<\/a><\/li>\t<\/ol>\n\t<\/noscript>\n\t<script type=\"application\/json\" class=\"wp-playlist-script\">{\"type\":\"audio\",\"tracklist\":true,\"tracknumbers\":true,\"images\":true,\"artists\":true,\"tracks\":[{\"src\":\"https:\/\/triodement.no\/wp-content\/uploads\/2024\/03\/01-Til-Seters.m4a\",\"type\":\"audio\/mpeg\",\"title\":\"Til Seters\",\"caption\":\"\",\"description\":\"\\\"Til Seters\\\".\",\"meta\":{\"length_formatted\":\"2:42\"},\"image\":{\"src\":\"https:\/\/triodement.no\/wp-includes\/images\/media\/audio.svg\",\"width\":48,\"height\":64},\"thumb\":{\"src\":\"https:\/\/triodement.no\/wp-includes\/images\/media\/audio.svg\",\"width\":48,\"height\":64}},{\"src\":\"https:\/\/triodement.no\/wp-content\/uploads\/2024\/03\/02-Mitt-hjem-det-er-mitt-slott.m4a\",\"type\":\"audio\/mpeg\",\"title\":\"Mitt hjem det er mitt slott\",\"caption\":\"\",\"description\":\"\\\"Mitt hjem det er mitt slott\\\".\",\"meta\":{\"length_formatted\":\"3:10\"},\"image\":{\"src\":\"https:\/\/triodement.no\/wp-includes\/images\/media\/audio.svg\",\"width\":48,\"height\":64},\"thumb\":{\"src\":\"https:\/\/triodement.no\/wp-includes\/images\/media\/audio.svg\",\"width\":48,\"height\":64}},{\"src\":\"https:\/\/triodement.no\/wp-content\/uploads\/2024\/03\/03-Cecilia-deMentz.m4a\",\"type\":\"audio\/mpeg\",\"title\":\"Cecilia deMentz\",\"caption\":\"\",\"description\":\"\\\"Cecilia deMentz\\\".\",\"meta\":{\"length_formatted\":\"2:21\"},\"image\":{\"src\":\"https:\/\/triodement.no\/wp-includes\/images\/media\/audio.svg\",\"width\":48,\"height\":64},\"thumb\":{\"src\":\"https:\/\/triodement.no\/wp-includes\/images\/media\/audio.svg\",\"width\":48,\"height\":64}},{\"src\":\"https:\/\/triodement.no\/wp-content\/uploads\/2024\/03\/04-Oles-Hemmelighet.m4a\",\"type\":\"audio\/mpeg\",\"title\":\"Oles Hemmelighet\",\"caption\":\"\",\"description\":\"\\\"Oles Hemmelighet\\\".\",\"meta\":{\"length_formatted\":\"3:03\"},\"image\":{\"src\":\"https:\/\/triodement.no\/wp-includes\/images\/media\/audio.svg\",\"width\":48,\"height\":64},\"thumb\":{\"src\":\"https:\/\/triodement.no\/wp-includes\/images\/media\/audio.svg\",\"width\":48,\"height\":64}},{\"src\":\"https:\/\/triodement.no\/wp-content\/uploads\/2024\/03\/05-Rodhette-Danser.m4a\",\"type\":\"audio\/mpeg\",\"title\":\"R\\u00f8dhette Danser\",\"caption\":\"\",\"description\":\"\\\"R\\u00f8dhette Danser\\\".\",\"meta\":{\"length_formatted\":\"3:51\"},\"image\":{\"src\":\"https:\/\/triodement.no\/wp-includes\/images\/media\/audio.svg\",\"width\":48,\"height\":64},\"thumb\":{\"src\":\"https:\/\/triodement.no\/wp-includes\/images\/media\/audio.svg\",\"width\":48,\"height\":64}},{\"src\":\"https:\/\/triodement.no\/wp-content\/uploads\/2024\/03\/06-Samba-Salisyl.m4a\",\"type\":\"audio\/mpeg\",\"title\":\"Samba Salisyl\",\"caption\":\"\",\"description\":\"\\\"Samba Salisyl\\\".\",\"meta\":{\"length_formatted\":\"2:06\"},\"image\":{\"src\":\"https:\/\/triodement.no\/wp-includes\/images\/media\/audio.svg\",\"width\":48,\"height\":64},\"thumb\":{\"src\":\"https:\/\/triodement.no\/wp-includes\/images\/media\/audio.svg\",\"width\":48,\"height\":64}},{\"src\":\"https:\/\/triodement.no\/wp-content\/uploads\/2024\/03\/07-Sommerkveldsvise.m4a\",\"type\":\"audio\/mpeg\",\"title\":\"Sommerkveldsvise\",\"caption\":\"\",\"description\":\"\\\"Sommerkveldsvise\\\".\",\"meta\":{\"length_formatted\":\"3:24\"},\"image\":{\"src\":\"https:\/\/triodement.no\/wp-includes\/images\/media\/audio.svg\",\"width\":48,\"height\":64},\"thumb\":{\"src\":\"https:\/\/triodement.no\/wp-includes\/images\/media\/audio.svg\",\"width\":48,\"height\":64}},{\"src\":\"https:\/\/triodement.no\/wp-content\/uploads\/2024\/03\/08-Sov-du-lille.m4a\",\"type\":\"audio\/mpeg\",\"title\":\"Sov du lille..\",\"caption\":\"\",\"description\":\"\\\"Sov du lille..\\\".\",\"meta\":{\"length_formatted\":\"3:30\"},\"image\":{\"src\":\"https:\/\/triodement.no\/wp-includes\/images\/media\/audio.svg\",\"width\":48,\"height\":64},\"thumb\":{\"src\":\"https:\/\/triodement.no\/wp-includes\/images\/media\/audio.svg\",\"width\":48,\"height\":64}}]}<\/script>\n<\/div>\n\t\n\n\n\n<div class=\"wp-block-media-text is-stacked-on-mobile\" style=\"grid-template-columns:19% auto\"><figure class=\"wp-block-media-text__media\"><img loading=\"lazy\" decoding=\"async\" width=\"200\" height=\"239\" src=\"https:\/\/triodement.no\/wp-content\/uploads\/2024\/03\/logo.png\" alt=\"\" class=\"wp-image-130 size-full\"\/><\/figure><div class=\"wp-block-media-text__content\">\n<div class=\"wp-block-group is-layout-flow wp-block-group-is-layout-flow\">\n<div class=\"wp-block-group is-layout-flow wp-block-group-is-layout-flow\">\n<blockquote class=\"wp-block-quote is-layout-flow wp-block-quote-is-layout-flow\">\n<p class=\"has-text-align-left\">Musikk: Tor Solberg, Espen Holm<br>Tekster: Espen Holm, Terje Andersen<br><br><strong>Disse bidro:<\/strong><br><em><strong>Tor Solberg<\/strong>: Gitarer<br><strong>Terje Andersen<\/strong>: Bass, kor, perkusjon<br><strong>Espen Holm<\/strong>: Vokal, piano, munnspill, knotter og knapper<br><strong>Odd Ren\u00e9 Andersen<\/strong>: Kor, perkusjon<br><strong>Rune Johansen<\/strong><\/em>: <em>Mastering<\/em><\/p>\n<\/blockquote>\n<\/div>\n<\/div>\n<\/div><\/div>\n\n\n\n<p> <\/p>\n\n\n\n<p> <\/p>\n\n\n\n<p><\/p>\n","protected":false},"excerpt":{"rendered":"<p>Utgangspunktet for trioen var en ide om et litt annerledes viseprosjekt. Det skulle v\u00e6re morsomt, gjennomkomponert og uten trummer.Tor og Espen hadde v\u00e5ren 1994 bygd et eget lydstydio med det &hellip; <\/p>\n<p class=\"link-more\"><a href=\"https:\/\/triodement.no\/?page_id=171\" class=\"more-link\">Read more<span class=\"screen-reader-text\"> &laquo;CD-prosjektet 1994\/95&raquo;<\/span><\/a><\/p>\n","protected":false},"author":1,"featured_media":0,"parent":0,"menu_order":0,"comment_status":"closed","ping_status":"closed","template":"","meta":{"inspiro_hide_title":false,"footnotes":""},"class_list":["post-171","page","type-page","status-publish","hentry"],"jetpack_sharing_enabled":true,"_links":{"self":[{"href":"https:\/\/triodement.no\/index.php?rest_route=\/wp\/v2\/pages\/171","targetHints":{"allow":["GET"]}}],"collection":[{"href":"https:\/\/triodement.no\/index.php?rest_route=\/wp\/v2\/pages"}],"about":[{"href":"https:\/\/triodement.no\/index.php?rest_route=\/wp\/v2\/types\/page"}],"author":[{"embeddable":true,"href":"https:\/\/triodement.no\/index.php?rest_route=\/wp\/v2\/users\/1"}],"replies":[{"embeddable":true,"href":"https:\/\/triodement.no\/index.php?rest_route=%2Fwp%2Fv2%2Fcomments&post=171"}],"version-history":[{"count":45,"href":"https:\/\/triodement.no\/index.php?rest_route=\/wp\/v2\/pages\/171\/revisions"}],"predecessor-version":[{"id":243,"href":"https:\/\/triodement.no\/index.php?rest_route=\/wp\/v2\/pages\/171\/revisions\/243"}],"wp:attachment":[{"href":"https:\/\/triodement.no\/index.php?rest_route=%2Fwp%2Fv2%2Fmedia&parent=171"}],"curies":[{"name":"wp","href":"https:\/\/api.w.org\/{rel}","templated":true}]}}