{"id":83,"date":"2024-03-18T20:06:10","date_gmt":"2024-03-18T19:06:10","guid":{"rendered":"https:\/\/triodement.no\/?page_id=83"},"modified":"2024-03-19T11:41:54","modified_gmt":"2024-03-19T10:41:54","slug":"firmafester-og-konferanser","status":"publish","type":"page","link":"https:\/\/triodement.no\/?page_id=83","title":{"rendered":"Firmafester og konferanser"},"content":{"rendered":"\n<div class=\"wp-block-cover wp-duotone-000-ffffff-1\"><span aria-hidden=\"true\" class=\"wp-block-cover__background has-background-dim\"><\/span><img loading=\"lazy\" decoding=\"async\" width=\"1024\" height=\"683\" class=\"wp-block-cover__image-background wp-image-138\" alt=\"\" src=\"https:\/\/triodement.no\/wp-content\/uploads\/2024\/03\/blur_crowd_eiffel_tower_event_festival_HD_wallpaper_lights_night-913319-1024x683.jpg\" data-object-fit=\"cover\" srcset=\"https:\/\/triodement.no\/wp-content\/uploads\/2024\/03\/blur_crowd_eiffel_tower_event_festival_HD_wallpaper_lights_night-913319-1024x683.jpg 1024w, https:\/\/triodement.no\/wp-content\/uploads\/2024\/03\/blur_crowd_eiffel_tower_event_festival_HD_wallpaper_lights_night-913319-300x200.jpg 300w, https:\/\/triodement.no\/wp-content\/uploads\/2024\/03\/blur_crowd_eiffel_tower_event_festival_HD_wallpaper_lights_night-913319.jpg 1200w\" sizes=\"auto, (max-width: 1024px) 100vw, 1024px\" \/><div class=\"wp-block-cover__inner-container is-layout-flow wp-block-cover-is-layout-flow\">\n<p class=\"has-text-align-center has-large-font-size\"><\/p>\n<\/div><\/div>\n\n\n\n<p>Vi har lang erfaring med \u00e5 spille p\u00e5 firmaarrangementer. Julebord, jubileum eller konferanser \u2013 vi har gjort det meste.<\/p>\n\n\n\n<p>Det er du som kjenner situasjonen og deltagerne. Kanskje har arrangementet et tema som du \u00f8nsker \u00e5 understreke med et underholdningsinnslag. Snakk med oss om hva vi kan levere.<br><br>V\u00e5r st\u00f8rste styrke er at vi er allsidige og fleksible, og dermed kan tilpasse oss de fleste situasjoner. Ofte har vi en rolle hvor vi f\u00f8lger et st\u00f8rre arrangement, og hopper inn og gj\u00f8r mindre innslag etter behov, og i tillegg spiller opp til dans p\u00e5 kvelden.<\/p>\n\n\n\n<h2 class=\"wp-block-heading\"><strong>Ta kontakt med Terje p\u00e5 41 44 91 99 for n\u00e6rmere avtale<\/strong><\/h2>\n\n\n\n<p><\/p>\n\n\n\n<p><\/p>\n","protected":false},"excerpt":{"rendered":"<p>Vi har lang erfaring med \u00e5 spille p\u00e5 firmaarrangementer. Julebord, jubileum eller konferanser \u2013 vi har gjort det meste. Det er du som kjenner situasjonen og deltagerne. Kanskje har arrangementet &hellip; <\/p>\n<p class=\"link-more\"><a href=\"https:\/\/triodement.no\/?page_id=83\" class=\"more-link\">Read more<span class=\"screen-reader-text\"> &laquo;Firmafester og konferanser&raquo;<\/span><\/a><\/p>\n","protected":false},"author":1,"featured_media":0,"parent":0,"menu_order":0,"comment_status":"closed","ping_status":"closed","template":"","meta":{"inspiro_hide_title":false,"footnotes":""},"class_list":["post-83","page","type-page","status-publish","hentry"],"jetpack_sharing_enabled":true,"_links":{"self":[{"href":"https:\/\/triodement.no\/index.php?rest_route=\/wp\/v2\/pages\/83","targetHints":{"allow":["GET"]}}],"collection":[{"href":"https:\/\/triodement.no\/index.php?rest_route=\/wp\/v2\/pages"}],"about":[{"href":"https:\/\/triodement.no\/index.php?rest_route=\/wp\/v2\/types\/page"}],"author":[{"embeddable":true,"href":"https:\/\/triodement.no\/index.php?rest_route=\/wp\/v2\/users\/1"}],"replies":[{"embeddable":true,"href":"https:\/\/triodement.no\/index.php?rest_route=%2Fwp%2Fv2%2Fcomments&post=83"}],"version-history":[{"count":5,"href":"https:\/\/triodement.no\/index.php?rest_route=\/wp\/v2\/pages\/83\/revisions"}],"predecessor-version":[{"id":163,"href":"https:\/\/triodement.no\/index.php?rest_route=\/wp\/v2\/pages\/83\/revisions\/163"}],"wp:attachment":[{"href":"https:\/\/triodement.no\/index.php?rest_route=%2Fwp%2Fv2%2Fmedia&parent=83"}],"curies":[{"name":"wp","href":"https:\/\/api.w.org\/{rel}","templated":true}]}}