{"id":96,"date":"2024-03-18T20:30:46","date_gmt":"2024-03-18T19:30:46","guid":{"rendered":"https:\/\/triodement.no\/?page_id=96"},"modified":"2024-03-19T11:39:28","modified_gmt":"2024-03-19T10:39:28","slug":"jubileum","status":"publish","type":"page","link":"https:\/\/triodement.no\/?page_id=96","title":{"rendered":"Jubileum"},"content":{"rendered":"\n<div class=\"wp-block-cover wp-duotone-000-ffffff-1\"><span aria-hidden=\"true\" class=\"wp-block-cover__background has-background-dim\"><\/span><img loading=\"lazy\" decoding=\"async\" width=\"1024\" height=\"768\" class=\"wp-block-cover__image-background wp-image-140\" alt=\"\" src=\"https:\/\/triodement.no\/wp-content\/uploads\/2024\/03\/fireworks_sylvester_rocket_night_new_years_day_year_red_new_years_eve-856661-1024x768.jpg\" data-object-fit=\"cover\" srcset=\"https:\/\/triodement.no\/wp-content\/uploads\/2024\/03\/fireworks_sylvester_rocket_night_new_years_day_year_red_new_years_eve-856661-1024x768.jpg 1024w, https:\/\/triodement.no\/wp-content\/uploads\/2024\/03\/fireworks_sylvester_rocket_night_new_years_day_year_red_new_years_eve-856661-300x225.jpg 300w, https:\/\/triodement.no\/wp-content\/uploads\/2024\/03\/fireworks_sylvester_rocket_night_new_years_day_year_red_new_years_eve-856661.jpg 1200w\" sizes=\"auto, (max-width: 1024px) 100vw, 1024px\" \/><div class=\"wp-block-cover__inner-container is-layout-flow wp-block-cover-is-layout-flow\">\n<p class=\"has-text-align-center has-large-font-size\"><\/p>\n<\/div><\/div>\n\n\n\n<p><\/p>\n\n\n\n<p class=\"has-text-align-center\">Hva l\u00e5 p\u00e5 hitlistene det \u00e5ret?<br>Og hva med da jubilanten var 18 \u00e5r?<\/p>\n\n\n\n<p class=\"has-text-align-center\">Vi finner nok ut av det.<br>Og &#8211; om vi har nok tid skal vi nok klare \u00e5 spille noe av det og:-)<\/p>\n\n\n\n<h2 class=\"wp-block-heading has-text-align-center\"><strong>Ta kontakt med Terje p\u00e5 <\/strong>41 44 91 99<strong> for n\u00e6rmere avtale!<\/strong><\/h2>\n","protected":false},"excerpt":{"rendered":"<p>Hva l\u00e5 p\u00e5 hitlistene det \u00e5ret?Og hva med da jubilanten var 18 \u00e5r? Vi finner nok ut av det.Og &#8211; om vi har nok tid skal vi nok klare \u00e5 &hellip; <\/p>\n<p class=\"link-more\"><a href=\"https:\/\/triodement.no\/?page_id=96\" class=\"more-link\">Read more<span class=\"screen-reader-text\"> &laquo;Jubileum&raquo;<\/span><\/a><\/p>\n","protected":false},"author":1,"featured_media":0,"parent":0,"menu_order":0,"comment_status":"closed","ping_status":"closed","template":"","meta":{"inspiro_hide_title":false,"footnotes":""},"class_list":["post-96","page","type-page","status-publish","hentry"],"jetpack_sharing_enabled":true,"_links":{"self":[{"href":"https:\/\/triodement.no\/index.php?rest_route=\/wp\/v2\/pages\/96","targetHints":{"allow":["GET"]}}],"collection":[{"href":"https:\/\/triodement.no\/index.php?rest_route=\/wp\/v2\/pages"}],"about":[{"href":"https:\/\/triodement.no\/index.php?rest_route=\/wp\/v2\/types\/page"}],"author":[{"embeddable":true,"href":"https:\/\/triodement.no\/index.php?rest_route=\/wp\/v2\/users\/1"}],"replies":[{"embeddable":true,"href":"https:\/\/triodement.no\/index.php?rest_route=%2Fwp%2Fv2%2Fcomments&post=96"}],"version-history":[{"count":9,"href":"https:\/\/triodement.no\/index.php?rest_route=\/wp\/v2\/pages\/96\/revisions"}],"predecessor-version":[{"id":160,"href":"https:\/\/triodement.no\/index.php?rest_route=\/wp\/v2\/pages\/96\/revisions\/160"}],"wp:attachment":[{"href":"https:\/\/triodement.no\/index.php?rest_route=%2Fwp%2Fv2%2Fmedia&parent=96"}],"curies":[{"name":"wp","href":"https:\/\/api.w.org\/{rel}","templated":true}]}}